{"id":44384,"date":"2024-09-20T06:26:17","date_gmt":"2024-09-20T13:26:17","guid":{"rendered":"https:\/\/www.monetizemore.com\/?page_id=44384"},"modified":"2025-11-09T23:27:45","modified_gmt":"2025-11-10T07:27:45","slug":"politica-de-privacidade","status":"publish","type":"page","link":"https:\/\/www.monetizemore.com\/pt-br\/politica-de-privacidade\/","title":{"rendered":"Pol\u00edtica de Privacidade"},"content":{"rendered":"<p class=\"last-modified\">This post was most recently updated on novembro 9th, 2025<\/p><p><b>Pol\u00edtica de Privacidade MonetizeMore<\/b><\/p>\n<p>Nossos servi\u00e7os, conforme descrito abaixo, referem-se ao desenvolvimento de tecnologias voltadas a editores no mercado de publicidade e propaganda. O PubGuru e as tecnologias da MonetizeMore pertencem \u00e0 eSell Solutions d \/ b \/ a MonetizeMore. Estas informa\u00e7\u00f5es e a Declara\u00e7\u00e3o de Privacidade abaixo s\u00e3o para nossos servi\u00e7os.<\/p>\n<p>Se voc\u00ea tiver alguma d\u00favida sobre esta pol\u00edtica, pode entrar em contato conosco. Nossos servi\u00e7os podem conter conte\u00fado ou links para conte\u00fados, ou servi\u00e7os fornecidos por terceiros. Esta pol\u00edtica n\u00e3o se aplica \u00e0s pr\u00e1ticas desses terceiros.<\/p>\n<p><strong>Coleta, uso e compartilhamento de informa\u00e7\u00f5es<\/strong><\/p>\n<p><span style=\"font-weight: 400;\">Em geral, MonetizeMore usa arquivos de log para rastrear transa\u00e7\u00f5es. Esses arquivos de log incluem endere\u00e7os de protocolo de Internet (IP), tipos de navegador usados, o provedor de servi\u00e7os de Internet (ISP) utilizado, p\u00e1ginas de refer\u00eancia \/ sa\u00edda, tipo de plataforma, carimbos de data \/ hora e n\u00famero de cliques. Essas informa\u00e7\u00f5es s\u00e3o ent\u00e3o usadas para analisar tend\u00eancias, administrar o site, rastrear agregadamente o movimento do usu\u00e1rio e direcionar an\u00fancios aos usu\u00e1rios de acordo. MonetizeMore n\u00e3o coleta as Informa\u00e7\u00f5es de Identifica\u00e7\u00e3o Pessoal (IIP) do usu\u00e1rio do site, conforme definido pela legisla\u00e7\u00e3o do Canad\u00e1. No entanto, no curso e para fins de condu\u00e7\u00e3o de seus neg\u00f3cios, a MonetizeMore pode coletar e processar as seguintes informa\u00e7\u00f5es do consumidor que s\u00e3o consideradas Informa\u00e7\u00f5es Pessoais (IP) de acordo com a <a href=\"https:\/\/www.priv.gc.ca\/en\/privacy-topics\/privacy-laws-in-canada\/the-personal-information-protection-and-electronic-documents-act-pipeda\/\" rel=\"noopener\">Lei Canadense de Prote\u00e7\u00e3o de Informa\u00e7\u00f5es Pessoais e Documentos Eletr\u00f4nicos<\/a> (PIPEDE) ou Dados Pessoais de acordo com a Lei Europeia Regulamento geral de prote\u00e7\u00e3o de dados da Uni\u00e3o (GDPR):<\/span><\/p>\n<p><span style=\"font-weight: 400;\">(1) as informa\u00e7\u00f5es de navegador e dispositivo recebidas de editores s\u00e3o compartilhadas com anunciantes e ag\u00eancias para responder a solicita\u00e7\u00f5es de an\u00fancios, previs\u00e3o de invent\u00e1rio de publicidade e solu\u00e7\u00e3o de quaisquer problemas operacionais relacionados \u00e0 plataforma PubGuru;<\/span><\/p>\n<p><span style=\"font-weight: 400;\">(2) endere\u00e7os IP, incluindo IPv4 e IPv6, s\u00e3o usados para licitar em invent\u00e1rio de publicidade;<\/span><\/p>\n<p><span style=\"font-weight: 400;\">(3) os dados de geolocaliza\u00e7\u00e3o s\u00e3o usados para licitar no invent\u00e1rio de publicidade;<\/span><\/p>\n<p><span style=\"font-weight: 400;\">(4) Dados de localiza\u00e7\u00e3o precisos (dados obtidos de um dispositivo sobre a localiza\u00e7\u00e3o f\u00edsica do dispositivo) s\u00e3o usados para licitar em invent\u00e1rio de publicidade;<\/span><\/p>\n<p><span style=\"font-weight: 400;\">(5) Coordenadas GPS, quando dispon\u00edveis;<\/span><\/p>\n<p><span style=\"font-weight: 400;\">(6) MonetizeMore UserIDs exclusivos, armazenados nos cookies do navegador, s\u00e3o usados para perfis no servidor de an\u00fancios;<\/span><\/p>\n<p><span style=\"font-weight: 400;\">(7) identificadores de dispositivos m\u00f3veis s\u00e3o usados para rastrear o tr\u00e1fego m\u00f3vel e s\u00e3o compartilhados com anunciantes e ag\u00eancias para personalizar a experi\u00eancia de publicidade;<\/span><\/p>\n<p><span style=\"font-weight: 400;\">(8) Dados de pixel (dados obtidos por meio de ou em conex\u00e3o com a coloca\u00e7\u00e3o de qualquer mecanismo de pixel) s\u00e3o usados como parte do processo de correspond\u00eancia do usu\u00e1rio;<\/span><\/p>\n<p><span style=\"font-weight: 400;\">(9) identificadores de pessoas fornecidos pelos parceiros da MonetizeMore s\u00e3o associados a segmentos de p\u00fablico e compartilhados com anunciantes e ag\u00eancias;<\/span><\/p>\n<p><span style=\"font-weight: 400;\">(10) dados sobre se um usu\u00e1rio visualizou ou clicou em um an\u00fancio s\u00e3o compartilhados com anunciantes e ag\u00eancias.<\/span><\/p>\n<p>Os processos internos da MonetizeMore tratam os dados pessoais de acordo com os requisitos regulamentares e as leis de privacidade aplic\u00e1veis para garantir que as informa\u00e7\u00f5es sejam armazenadas com seguran\u00e7a e usadas apenas para os fins permitidos e pretendidos.<\/p>\n<p>MonetizeMore pode combinar informa\u00e7\u00f5es que n\u00e3o identificam diretamente um indiv\u00edduo com dados coletados de outras fontes para fornecer aos editores, anunciantes e redes de an\u00fancios informa\u00e7\u00f5es para melhorar a relev\u00e2ncia da publicidade apresentada aos usu\u00e1rios e determinar se deve dar um lance no invent\u00e1rio de an\u00fancios. Qualquer informa\u00e7\u00e3o compartilhada com anunciantes e editores na plataforma PubGuru \u00e9 feita de forma agregada. Isso significa que os clientes s\u00f3 recebem informa\u00e7\u00f5es sobre os usu\u00e1rios visados por an\u00fancios em um formato com porcentagens amplas.<\/p>\n<p>Al\u00e9m disso, embora MonetizeMore n\u00e3o se envolva diretamente em Publicidade Cross-App, nossa tecnologia pode coletar e \/ ou transmitir IDs de dispositivos m\u00f3veis (o identificador exclusivo atribu\u00eddo a um dispositivo pelo fabricante) ou IDs de publicidade (para iOS 6 e posterior), em vez de cookies, para reconhec\u00ea-lo.<\/p>\n<p>&nbsp;<\/p>\n<p>COLETA, USO E RETEN\u00c7\u00c3O DE INFORMA\u00c7\u00d5ES PESSOALMENTE IDENTIFIC\u00c1VEIS (PII)<\/p>\n<p>Coletamos IIP por meio deste site, quando nos s\u00e3o fornecidos. As IIP que coletamos podem incluir nome, endere\u00e7o, n\u00famero de telefone, endere\u00e7o de e-mail ou qualquer outra informa\u00e7\u00e3o fornecida a n\u00f3s. Usamos as IIP coletadas por meio deste site para fins comerciais, como marketing, recrutamento e contrata\u00e7\u00e3o, resposta a consultas gerais ou solicita\u00e7\u00f5es de suporte ao cliente e durante a presta\u00e7\u00e3o de servi\u00e7os a clientes. Retemos as IIP coletadas por meio do site indefinidamente, a menos que especificado de outra forma, ou at\u00e9 que excluamos as IIP de acordo com uma solicita\u00e7\u00e3o.<\/p>\n<p>&nbsp;<\/p>\n<p>COLETA, USO E RETEN\u00c7\u00c3O DE N\u00c3O IIP<\/p>\n<p>Coletamos n\u00e3o-IIP em nosso site usando cookies, web beacons e tags para a opera\u00e7\u00e3o do site (por exemplo, gerenciamento de sess\u00f5es de usu\u00e1rio), incluindo an\u00e1lise de uso do site, detec\u00e7\u00e3o e preven\u00e7\u00e3o de comportamento malicioso no site e melhoria do conte\u00fado e organiza\u00e7\u00e3o de o site. Tamb\u00e9m contratamos outras empresas que usar\u00e3o m\u00e9todos semelhantes para coletar informa\u00e7\u00f5es n\u00e3o-identific\u00e1veis em nosso site para analisar o uso do site. Tamb\u00e9m usamos informa\u00e7\u00f5es n\u00e3o-pessoais que coletamos para anunciar nossos neg\u00f3cios em outros sites.<\/p>\n<p>&nbsp;<\/p>\n<p>COMPARTILHAMENTO DE INFORMA\u00c7\u00d5ES<\/p>\n<p>N\u00e3o alugaremos, compartilharemos ou venderemos a terceiros as IIP que coletamos, exceto pelos motivos indicados nesta Declara\u00e7\u00e3o de Privacidade.<\/p>\n<p>Poderemos compartilhar informa\u00e7\u00f5es n\u00e3o-IIP ou IIP com afiliadas, subsidi\u00e1rias, fornecedores ou outros terceiros para realizar servi\u00e7os em nosso nome relacionados ao marketing e \u00e0 opera\u00e7\u00e3o de nossos servi\u00e7os.<\/p>\n<p>Poderemos divulgar suas informa\u00e7\u00f5es a terceiros quando acreditarmos razoavelmente que somos obrigados a faz\u00ea-lo por lei e para investigar, prevenir ou tomar medidas em rela\u00e7\u00e3o a atividades proibidas suspeitas ou reais, incluindo, entre outras, fraudes e situa\u00e7\u00f5es que envolvam amea\u00e7as potenciais. para a seguran\u00e7a f\u00edsica de qualquer pessoa.<\/p>\n<p>Poderemos transferir informa\u00e7\u00f5es, incluindo quaisquer PII, para uma entidade sucessora em conex\u00e3o com uma fus\u00e3o corporativa, consolida\u00e7\u00e3o, venda de ativos, fal\u00eancia ou outra mudan\u00e7a corporativa.<\/p>\n<p>&nbsp;<\/p>\n<p>SERVI\u00c7OS DE TERCEIROS<\/p>\n<p>Os servi\u00e7os de terceiros incorporados no nosso site, como widgets de redes sociais ou redes de publicidade online, podem recolher informa\u00e7\u00f5es sobre as suas visitas ao nosso site para fins que incluem publicidade baseada em interesses. Essas informa\u00e7\u00f5es podem ser combinadas com informa\u00e7\u00f5es coletadas de outros sites. Essas informa\u00e7\u00f5es podem incluir, por exemplo, p\u00e1ginas visitadas, hor\u00e1rios e datas das visitas, configura\u00e7\u00e3o do navegador ou do sistema operacional, etc. As associa\u00e7\u00f5es comerciais da ind\u00fastria mant\u00eam p\u00e1ginas da web onde voc\u00ea pode optar por n\u00e3o receber publicidade baseada em interesses por todas as empresas participantes:<\/p>\n<p><span style=\"font-weight: 400;\">Network Advertising Initiative: <\/span><a href=\"http:\/\/www.networkadvertising.org\/choices\" rel=\"noopener\"><span style=\"font-weight: 400;\">http:\/\/www.networkadvertising.org\/choices<\/span><\/a><\/p>\n<p><span style=\"font-weight: 400;\">Digital Advertising Alliance: <\/span><a href=\"http:\/\/www.aboutads.info\/choices\" rel=\"noopener\"><span style=\"font-weight: 400;\">http:\/\/www.aboutads.info\/choices<\/span><\/a><\/p>\n<p><span style=\"font-weight: 400;\">And, in Europe, <\/span><a href=\"http:\/\/www.youronlinechoices.com\" rel=\"noopener\"><span style=\"font-weight: 400;\">http:\/\/www.youronlinechoices.com<\/span><\/a><\/p>\n<p>O uso de nossos servi\u00e7os tamb\u00e9m pode envolver o uso de tecnologias de terceiros gerenciadas e\/ou de propriedade de nossos fornecedores, parceiros e afiliados. Algumas das pol\u00edticas de privacidade (mas n\u00e3o limitadas a) est\u00e3o dispon\u00edveis abaixo:<\/p>\n<p><a href=\"http:\/\/www.indexexchange.com\/privacy\/\" rel=\"noopener\"><span style=\"font-weight: 400;\">http:\/\/www.indexexchange.com\/privacy\/<\/span><\/a><\/p>\n<p><a href=\"http:\/\/openx.com\/legal\/privacypolicy\/\" rel=\"noopener\"><span style=\"font-weight: 400;\">http:\/\/openx.com\/legal\/privacypolicy\/<\/span><\/a><\/p>\n<p><a href=\"http:\/\/www.sovrn.com\/privacy-policy\/\" rel=\"noopener\"><span style=\"font-weight: 400;\">http:\/\/www.sovrn.com\/privacy-policy\/<\/span><\/a><\/p>\n<p><a href=\"https:\/\/www.yieldbot.com\/privacy-policy\/\" rel=\"noopener\"><span style=\"font-weight: 400;\">https:\/\/www.yieldbot.com\/privacy-policy\/<\/span><\/a><\/p>\n<p><a href=\"http:\/\/sonobi.com\/privacy-policy\/\" rel=\"noopener\"><span style=\"font-weight: 400;\">http:\/\/sonobi.com\/privacy-policy\/<\/span><\/a><\/p>\n<p><a href=\"https:\/\/www.appnexus.com\/en\/company\/platform-privacy-policy\" rel=\"noopener\"><span style=\"font-weight: 400;\">https:\/\/www.appnexus.com\/en\/company\/platform-privacy-policy<\/span><\/a><\/p>\n<p><a href=\"http:\/\/triplelift.com\/privacy\/\" rel=\"noopener\"><span style=\"font-weight: 400;\">http:\/\/triplelift.com\/privacy\/<\/span><\/a><\/p>\n<p><a href=\"http:\/\/adgorithms.com\/privacy-policy\/\" rel=\"noopener\"><span style=\"font-weight: 400;\">http:\/\/adgorithms.com\/privacy-policy\/<\/span><\/a><\/p>\n<p><a href=\"http:\/\/frontend.sekindo.com\/privacy-policy\/\" rel=\"noopener\"><span style=\"font-weight: 400;\">http:\/\/frontend.sekindo.com\/privacy-policy\/<\/span><\/a><\/p>\n<p><a href=\"http:\/\/site.adform.com\/privacy-policy\/en\/\" rel=\"noopener\"><span style=\"font-weight: 400;\">http:\/\/site.adform.com\/privacy-policy\/en\/<\/span><\/a><\/p>\n<p>&nbsp;<\/p>\n<p>INFORMA\u00c7\u00d5ES SOBRE CRIAN\u00c7AS<\/p>\n<p>Este site n\u00e3o se destina nem foi projetado para atrair crian\u00e7as. N\u00e3o coletamos informa\u00e7\u00f5es de identifica\u00e7\u00e3o pessoal de qualquer pessoa que realmente saibamos ser um indiv\u00edduo com menos de 13 anos de idade.<\/p>\n<p>&nbsp;<\/p>\n<p><span style=\"font-weight: 400;\">SUAS ESCOLHAS<\/span><\/p>\n<p>Forneceremos oportunidade razo\u00e1vel para que indiv\u00edduos acessem, atualizem ou excluam IIP sobre eles que temos em nossa posse. N\u00e3o utilizaremos as IIP que nos forem fornecidas para fins incompat\u00edveis com a finalidade para a qual foram fornecidas sem obter autoriza\u00e7\u00e3o do titular das informa\u00e7\u00f5es. Para informa\u00e7\u00f5es confidenciais, conforme exigido pelos Princ\u00edpios Safe Harbor, obteremos autoriza\u00e7\u00e3o antes de compartilhar as informa\u00e7\u00f5es ou us\u00e1-las para uma finalidade diferente daquela para a qual foram coletadas.<\/p>\n<p>&nbsp;<\/p>\n<p><span style=\"font-weight: 400;\">U.S.-E.U. SAFE HARBOR FRAMEWORK E U.S.-SWISS SAFE HARBOR FRAMEWORK<\/span><\/p>\n<p>Para informa\u00e7\u00f5es pessoais que transferimos da Uni\u00e3o Europeia para os Estados Unidos, aderimos aos princ\u00edpios da Uni\u00e3o Europeia-EUA. Safe Harbor Framework e Safe Harbor Framework EUA-Su\u00ed\u00e7a, conforme estabelecido pelo Departamento de Com\u00e9rcio dos EUA (http:\/\/export.gov\/safeharbor\/). Para d\u00favidas ou reclama\u00e7\u00f5es relacionadas \u00e0 coleta, reten\u00e7\u00e3o ou uso de dados sob qualquer uma das Estruturas Safe Harbor, voc\u00ea pode entrar em contato conosco. Poderemos encaminhar reclama\u00e7\u00f5es de privacidade n\u00e3o resolvidas sob qualquer um dos Safe Harbors para a Associa\u00e7\u00e3o Americana de Arbitragem como um mecanismo independente de resolu\u00e7\u00e3o de disputas.<\/p>\n<p>&nbsp;<\/p>\n<p>ALTERA\u00c7\u00d5ES A ESTA POL\u00cdTICA<\/p>\n<p>Poderemos, de tempos em tempos, alterar nossas pr\u00e1ticas em rela\u00e7\u00e3o \u00e0s informa\u00e7\u00f5es coletadas e usadas para nossos servi\u00e7os. As altera\u00e7\u00f5es ser\u00e3o refletidas nesta Declara\u00e7\u00e3o de Privacidade. No entanto, se efetu\u00e1ssemos altera\u00e7\u00f5es materiais, essas altera\u00e7\u00f5es n\u00e3o seriam, sem autoriza\u00e7\u00e3o, aplicadas \u00e0s informa\u00e7\u00f5es recolhidas antes das altera\u00e7\u00f5es.<\/p>\n<p>&nbsp;<\/p>\n<p><span style=\"font-weight: 400;\">D\u00daVIDAS?<\/span><\/p>\n<p>Se voc\u00ea tiver d\u00favidas ou solicita\u00e7\u00f5es sobre nossa coleta e uso de informa\u00e7\u00f5es, <a href=\"https:\/\/www.monetizemore.com\/contacts-us\/\">entre em contato conosco<\/a>.<\/p>\n","protected":false},"excerpt":{"rendered":"<p>This post was most recently updated on novembro 9th, 2025Pol\u00edtica de Privacidade MonetizeMore Nossos servi\u00e7os, conforme descrito abaixo, referem-se ao desenvolvimento de tecnologias voltadas a editores no mercado de publicidade e propaganda. O PubGuru e as tecnologias da MonetizeMore pertencem \u00e0 eSell Solutions d \/ b \/ a MonetizeMore. Estas informa\u00e7\u00f5es e a Declara\u00e7\u00e3o de [&hellip;]<\/p>\n","protected":false},"author":72,"featured_media":0,"parent":0,"menu_order":0,"comment_status":"closed","ping_status":"closed","template":"","meta":{"_acf_changed":false,"inline_featured_image":false,"footnotes":""},"class_list":["post-44384","page","type-page","status-publish","hentry"],"acf":[],"_links":{"self":[{"href":"https:\/\/www.monetizemore.com\/pt-br\/wp-json\/wp\/v2\/pages\/44384","targetHints":{"allow":["GET"]}}],"collection":[{"href":"https:\/\/www.monetizemore.com\/pt-br\/wp-json\/wp\/v2\/pages"}],"about":[{"href":"https:\/\/www.monetizemore.com\/pt-br\/wp-json\/wp\/v2\/types\/page"}],"author":[{"embeddable":true,"href":"https:\/\/www.monetizemore.com\/pt-br\/wp-json\/wp\/v2\/users\/72"}],"replies":[{"embeddable":true,"href":"https:\/\/www.monetizemore.com\/pt-br\/wp-json\/wp\/v2\/comments?post=44384"}],"version-history":[{"count":0,"href":"https:\/\/www.monetizemore.com\/pt-br\/wp-json\/wp\/v2\/pages\/44384\/revisions"}],"wp:attachment":[{"href":"https:\/\/www.monetizemore.com\/pt-br\/wp-json\/wp\/v2\/media?parent=44384"}],"curies":[{"name":"wp","href":"https:\/\/api.w.org\/{rel}","templated":true}]}}