{"id":38819,"date":"2021-08-30T23:57:30","date_gmt":"2021-08-31T06:57:30","guid":{"rendered":"https:\/\/www.monetizemore.com\/solutions\/app-monetization\/"},"modified":"2025-11-09T23:45:47","modified_gmt":"2025-11-10T07:45:47","slug":"app-monetization","status":"publish","type":"page","link":"https:\/\/www.monetizemore.com\/pt-br\/solutions\/app-monetization\/","title":{"rendered":"Solu\u00e7\u00e3o #1 de monetiza\u00e7\u00e3o de aplicativos [Confiada por mais de 1000 desenvolvedores]"},"content":{"rendered":"","protected":false},"excerpt":{"rendered":"","protected":false},"author":72,"featured_media":0,"parent":38815,"menu_order":0,"comment_status":"closed","ping_status":"closed","template":"template-parts\/tpl-app_monetization.php","meta":{"_acf_changed":false,"inline_featured_image":false,"footnotes":""},"class_list":["post-38819","page","type-page","status-publish","hentry"],"acf":[],"_links":{"self":[{"href":"https:\/\/www.monetizemore.com\/pt-br\/wp-json\/wp\/v2\/pages\/38819","targetHints":{"allow":["GET"]}}],"collection":[{"href":"https:\/\/www.monetizemore.com\/pt-br\/wp-json\/wp\/v2\/pages"}],"about":[{"href":"https:\/\/www.monetizemore.com\/pt-br\/wp-json\/wp\/v2\/types\/page"}],"author":[{"embeddable":true,"href":"https:\/\/www.monetizemore.com\/pt-br\/wp-json\/wp\/v2\/users\/72"}],"replies":[{"embeddable":true,"href":"https:\/\/www.monetizemore.com\/pt-br\/wp-json\/wp\/v2\/comments?post=38819"}],"version-history":[{"count":0,"href":"https:\/\/www.monetizemore.com\/pt-br\/wp-json\/wp\/v2\/pages\/38819\/revisions"}],"up":[{"embeddable":true,"href":"https:\/\/www.monetizemore.com\/pt-br\/wp-json\/wp\/v2\/pages\/38815"}],"wp:attachment":[{"href":"https:\/\/www.monetizemore.com\/pt-br\/wp-json\/wp\/v2\/media?parent=38819"}],"curies":[{"name":"wp","href":"https:\/\/api.w.org\/{rel}","templated":true}]}}