{"id":44438,"date":"2024-09-20T06:26:17","date_gmt":"2024-09-20T13:26:17","guid":{"rendered":"https:\/\/www.monetizemore.com\/?page_id=44438"},"modified":"2025-11-09T23:49:55","modified_gmt":"2025-11-10T07:49:55","slug":"politica-de-privacidad","status":"publish","type":"page","link":"https:\/\/www.monetizemore.com\/es\/politica-de-privacidad\/","title":{"rendered":"Pol\u00edtica de privacidad"},"content":{"rendered":"<p class=\"last-modified\">This post was most recently updated on noviembre 9th, 2025<\/p><p><b>Pol\u00edtica de Privacidad de MonetizeMore<\/b><\/p>\n<p>Nuestros servicios, como se describen a continuaci\u00f3n, se refieren a la tecnolog\u00eda de publicidad y de editores de PubGuru y la tecnolog\u00eda de MonetizeMore por eSell Solutions que opera como MonetizeMore. Esta informaci\u00f3n y la Declaraci\u00f3n de Privacidad que se encuentra a continuaci\u00f3n son aplicables a nuestros servicios.<\/p>\n<p>Si tiene alguna pregunta sobre esta pol\u00edtica, puede contactarnos. Nuestros servicios pueden contener contenido o enlaces a contenido o servicios proporcionados por terceros. Esta pol\u00edtica no se aplica a las pr\u00e1cticas de esos terceros.<\/p>\n<p><b>Recopilaci\u00f3n, Uso e Intercambio de datos<\/b><\/p>\n<p>En general, MonetizeMore utiliza archivos de registro para rastrear transacciones. Estos archivos de registro incluyen direcciones de protocolo de internet (IP), tipos de navegadores utilizados, el proveedor de servicios de internet (ISP) empleado, p\u00e1ginas de referencia\/salida, tipo de plataforma, marcas de fecha\/hora y el n\u00famero de clics. Esta informaci\u00f3n se utiliza luego para analizar tendencias, administrar el sitio, rastrear de manera agregada el movimiento de los usuarios y dirigir publicidad a los usuarios en consecuencia. MonetizeMore no recopila Informaci\u00f3n de Identificaci\u00f3n Personal (PII, por sus siglas en ingl\u00e9s) de un usuario del sitio web, seg\u00fan lo definido por la ley de Canad\u00e1. Sin embargo, en el curso y con el prop\u00f3sito de llevar a cabo sus negocios, MonetizeMore puede recopilar y procesar la siguiente informaci\u00f3n del consumidor que se considera Informaci\u00f3n Personal (PI) bajo la <a href=\"https:\/\/www.priv.gc.ca\/en\/privacy-topics\/privacy-laws-in-canada\/the-personal-information-protection-and-electronic-documents-act-pipeda\/\" rel=\"noopener\">Ley de Protecci\u00f3n de Informaci\u00f3n Personal y Documentos Electr\u00f3nicos de Canad\u00e1<\/a> (PIPEDA, por sus siglas en ingl\u00e9s) o Datos Personales bajo el <a href=\"https:\/\/gdpr.eu\/\" rel=\"noopener\">Reglamento General de Protecci\u00f3n de Datos<\/a> (GDPR, por sus siglas en ingl\u00e9s) de la Uni\u00f3n Europea:<\/p>\n<p>(1) La informaci\u00f3n del navegador y del dispositivo recibida de los editores se comparte con anunciantes y agencias para responder a solicitudes de anuncios, pronosticar inventarios publicitarios y solucionar cualquier problema operativo relacionado con la plataforma PubGuru;<\/p>\n<p>(2) Las direcciones IP, tanto IPv4 como IPv6, se utilizan para pujar en inventarios de anuncios;<\/p>\n<p>(3) Los datos de geolocalizaci\u00f3n se utilizan para pujar en inventarios de anuncios;<\/p>\n<p><span style=\"font-weight: 400;\">(4) Precise Location Data (data obtained from a device about the physical location of the device) is used to bid on advertising inventory;<\/span><\/p>\n<p>(4) Datos de ubicaci\u00f3n precisa (datos obtenidos de un dispositivo referente a la ubicaci\u00f3n f\u00edsica del dispositivo) se utilizan para pujar en inventarios de anuncios;<\/p>\n<p>(5) Coordenadas GPS, cuando est\u00e9n disponibles;<\/p>\n<p><span style=\"font-weight: 400;\">(6) unique MonetizeMore UserIDs, stored in browser cookies, are used for profiles on the ad server;<\/span><\/p>\n<p>(6) ID de usuario \u00fanicos de MonetizeMore, almacenados en cookies del navegador, se utilizan para perfiles en el servidor de anuncios;<\/p>\n<p>(7) Identificadores de dispositivos m\u00f3viles se utilizan para rastrear el tr\u00e1fico m\u00f3vil y se comparten con anunciantes y agencias para personalizar la experiencia de anuncios;<\/p>\n<p>(8) Los datos de p\u00edxeles (datos obtenidos a trav\u00e9s o en conexi\u00f3n con la colocaci\u00f3n de cualquier mecanismo de p\u00edxel) se utilizan como parte del proceso de coincidencia de usuarios;<\/p>\n<p>(9) Identificadores de personas proporcionados por los socios de MonetizeMore se asocian a segmentos de audiencia y se comparten con anunciantes y agencias;<\/p>\n<p>(10) Los datos sobre si un usuario vio o hizo clic en un anuncio se comparten con anunciantes y agencias.<\/p>\n<p>Los procesos internos de MonetizeMore tratan los datos personales de acuerdo con los requisitos normativos y las leyes de privacidad aplicables para garantizar que la informaci\u00f3n se almacene de manera segura y se utilice solo para los fines permitidos y previstos.<\/p>\n<p>MonetizeMore puede combinar informaci\u00f3n que no identifica directamente a una persona con datos recopilados de otras fuentes para proporcionar a editores, anunciantes y redes de anuncios informaci\u00f3n que mejore la relevancia de la publicidad presentada a los usuarios y determine si pujar en inventarios de anuncios. Cualquier informaci\u00f3n compartida con anunciantes y editores dentro de la plataforma PubGuru se realiza de manera agregada. Esto significa que los clientes solo reciben informaci\u00f3n sobre los usuarios objetivo de la publicidad en un formato con porcentajes generales.<\/p>\n<p>Adem\u00e1s, aunque MonetizeMore no participa directamente en la publicidad cruzada de aplicaciones, nuestra tecnolog\u00eda puede recopilar y\/o pasar identificadores de dispositivos m\u00f3viles (el identificador \u00fanico asignado a un dispositivo por el fabricante) o ID de publicidad (para iOS 6 y posteriores), en lugar de cookies, para reconocerte.<\/p>\n<p><span style=\"font-weight: 400;\">RECOPILACI\u00d3N, USO Y RETENCI\u00d3N DE INFORMACI\u00d3N DE IDENTIFICACI\u00d3N PERSONAL (PII)<\/span><\/p>\n<p>Recopilamos PII a trav\u00e9s de este sitio web cuando se nos proporciona. La PII que recopilamos puede incluir nombre, direcci\u00f3n, n\u00famero de tel\u00e9fono, direcci\u00f3n de correo electr\u00f3nico o cualquier otra informaci\u00f3n que se nos proporcione. Utilizamos la PII recopilada a trav\u00e9s de este sitio web para fines comerciales, como marketing, reclutamiento y contrataci\u00f3n, responder a consultas generales o solicitudes de atenci\u00f3n al cliente, y en el curso de la prestaci\u00f3n de servicios a los clientes. Retenemos la PII recopilada a trav\u00e9s del sitio web indefinidamente, a menos que se especifique lo contrario, o hasta que eliminemos la PII de acuerdo con una solicitud del sujeto de la PII.<\/p>\n<p><span style=\"font-weight: 400;\">RECOPILACI\u00d3N, USO Y RETENCI\u00d3N DE INFORMACI\u00d3N NO IDENTIFICABLE PERSONALMENTE (NON-PII)<\/span><\/p>\n<p>Recopilamos non-PII en nuestro sitio web utilizando cookies, balizas web (web beacons, en ingl\u00e9s) y etiquetas para la operaci\u00f3n del sitio (por ejemplo, gestionar sesiones de usuarios), incluyendo analizar el uso del sitio, detectar y prevenir comportamientos maliciosos en el sitio y mejorar el contenido y la organizaci\u00f3n del sitio. Tambi\u00e9n contratamos a otras empresas que utilizar\u00e1n m\u00e9todos similares para recopilar non-PII en nuestro sitio web para analizar el uso del sitio. Tambi\u00e9n utilizamos non-PII que recopilamos para anunciar nuestro negocio en otros sitios.<\/p>\n<p>&nbsp;<\/p>\n<p><span style=\"font-weight: 400;\">USO COMPARTIDO DE INFORMACI\u00d3N<\/span><\/p>\n<p>No alquilaremos, compartiremos ni venderemos a terceros la PII que recopilemos, excepto por las razones indicadas en esta Declaraci\u00f3n de Privacidad.<\/p>\n<p>Podemos compartir non-PII o PII con afiliados, subsidiarias, proveedores o terceros para realizar servicios en nuestro nombre que est\u00e9n relacionados con el marketing y operaci\u00f3n de nuestros servicios.<\/p>\n<p>Podemos divulgar su informaci\u00f3n a terceros cuando razonablemente creamos que estamos obligados a hacerlo por ley, y para investigar, prevenir o tomar medidas con respecto a actividades prohibidas sospechosas o reales, incluyendo pero no limitado a fraude y situaciones que involucren posibles amenazas a la seguridad f\u00edsica de cualquier persona.<\/p>\n<p>Podemos transferir informaci\u00f3n, incluyendo cualquier PII, a una entidad sucesora en relaci\u00f3n con una fusi\u00f3n corporativa, consolidaci\u00f3n, venta de activos, quiebra u otro cambio corporativo.<\/p>\n<p><span style=\"font-weight: 400;\">SERVICIOS DE TERCEROS<\/span><\/p>\n<p>Los servicios de terceros incorporados en nuestro sitio web, como widgets de redes sociales o redes publicitarias en l\u00ednea, pueden recopilar informaci\u00f3n sobre sus visitas a nuestro sitio con fines que incluyen la publicidad basada en intereses. Esta informaci\u00f3n podr\u00eda combinarse con informaci\u00f3n recopilada de otros sitios. Dicha informaci\u00f3n puede incluir, por ejemplo, p\u00e1ginas visitadas, horarios y fechas de visitas, configuraci\u00f3n del navegador o del sistema operativo, etc. Las asociaciones comerciales de la industria mantienen p\u00e1ginas web donde puedes optar por no participar en la publicidad basada en intereses por parte de todas las empresas participantes:<\/p>\n<p>&nbsp;<\/p>\n<p><span style=\"font-weight: 400;\">Iniciativa de Publicidad en la red (Network Advertising Initiative): <\/span><a href=\"http:\/\/www.networkadvertising.org\/choices\" rel=\"noopener\"><span style=\"font-weight: 400;\">http:\/\/www.networkadvertising.org\/choices<\/span><\/a><\/p>\n<p><span style=\"font-weight: 400;\">Alianza de Publicidad Digital (Digital Advertising Alliance): <\/span><a href=\"http:\/\/www.aboutads.info\/choices\" rel=\"noopener\"><span style=\"font-weight: 400;\">http:\/\/www.aboutads.info\/choices<\/span><\/a><\/p>\n<p><span style=\"font-weight: 400;\">Y, en Europa, <\/span><a href=\"http:\/\/www.youronlinechoices.com\" rel=\"noopener\"><span style=\"font-weight: 400;\">http:\/\/www.youronlinechoices.com<\/span><\/a><\/p>\n<p>&nbsp;<\/p>\n<p>El uso de nuestros servicios tambi\u00e9n puede implicar el uso de tecnolog\u00edas de terceros gestionadas y\/o propiedad de nuestros proveedores, socios y afiliados. Algunas de las pol\u00edticas de privacidad (pero no limitadas a ellas) est\u00e1n disponibles a continuaci\u00f3n:<\/p>\n<p><a href=\"http:\/\/www.indexexchange.com\/privacy\/\" rel=\"noopener\"><span style=\"font-weight: 400;\">http:\/\/www.indexexchange.com\/privacy\/<\/span><\/a><\/p>\n<p><a href=\"http:\/\/openx.com\/legal\/privacypolicy\/\" rel=\"noopener\"><span style=\"font-weight: 400;\">http:\/\/openx.com\/legal\/privacypolicy\/<\/span><\/a><\/p>\n<p><a href=\"http:\/\/www.sovrn.com\/privacy-policy\/\" rel=\"noopener\"><span style=\"font-weight: 400;\">http:\/\/www.sovrn.com\/privacy-policy\/<\/span><\/a><\/p>\n<p><a href=\"https:\/\/www.yieldbot.com\/privacy-policy\/\" rel=\"noopener\"><span style=\"font-weight: 400;\">https:\/\/www.yieldbot.com\/privacy-policy\/<\/span><\/a><\/p>\n<p><a href=\"http:\/\/www.brealtime.com\/privacy-policy\/\" rel=\"noopener\"><span style=\"font-weight: 400;\">http:\/\/www.brealtime.com\/privacy-policy\/<\/span><\/a><\/p>\n<p><a href=\"http:\/\/sonobi.com\/privacy-policy\/\" rel=\"noopener\"><span style=\"font-weight: 400;\">http:\/\/sonobi.com\/privacy-policy\/<\/span><\/a><\/p>\n<p><a href=\"https:\/\/www.appnexus.com\/en\/company\/platform-privacy-policy\" rel=\"noopener\"><span style=\"font-weight: 400;\">https:\/\/www.appnexus.com\/en\/company\/platform-privacy-policy<\/span><\/a><\/p>\n<p><a href=\"http:\/\/triplelift.com\/privacy\/\" rel=\"noopener\"><span style=\"font-weight: 400;\">http:\/\/triplelift.com\/privacy\/<\/span><\/a><\/p>\n<p><a href=\"http:\/\/adgorithms.com\/privacy-policy\/\" rel=\"noopener\"><span style=\"font-weight: 400;\">http:\/\/adgorithms.com\/privacy-policy\/<\/span><\/a><\/p>\n<p><a href=\"http:\/\/frontend.sekindo.com\/privacy-policy\/\" rel=\"noopener\"><span style=\"font-weight: 400;\">http:\/\/frontend.sekindo.com\/privacy-policy\/<\/span><\/a><\/p>\n<p><a href=\"http:\/\/site.adform.com\/privacy-policy\/en\/\" rel=\"noopener\"><span style=\"font-weight: 400;\">http:\/\/site.adform.com\/privacy-policy\/en\/<\/span><\/a><\/p>\n<p>&nbsp;<\/p>\n<p><span style=\"font-weight: 400;\">INFORMACI\u00d3N SOBRE NI\u00d1OS<\/span><\/p>\n<p>Este sitio no est\u00e1 destinado ni dise\u00f1ado para atraer a ni\u00f1os. No recopilamos informaci\u00f3n de identificaci\u00f3n personal de ninguna persona que sepamos que es menor de 13 a\u00f1os.<\/p>\n<p>&nbsp;<\/p>\n<p><span style=\"font-weight: 400;\">TUS OPCIONES<\/span><\/p>\n<p>Proporcionaremos oportunidades razonables para que las personas accedan, actualicen o eliminen PII sobre ellos que tengamos en nuestro poder. No utilizaremos la PII proporcionada para fines incompatibles con el prop\u00f3sito para el que fue proporcionada sin obtener la autorizaci\u00f3n del sujeto de la informaci\u00f3n. Para informaci\u00f3n sensible, seg\u00fan lo requerido por los Principios de <span style=\"font-weight: 400;\">Safe Harbor<\/span>, obtendremos autorizaci\u00f3n antes de compartir la informaci\u00f3n o utilizarla para un prop\u00f3sito diferente al para el cual fue recopilada.<\/p>\n<p><span style=\"font-weight: 400;\">U.S.-E.U. MARCO DE TRABAJO SAFE HARBOR Y U.S.-SWISS SAFE HARBOR<\/span><\/p>\n<p>Para la informaci\u00f3n personal que transferimos desde la Uni\u00f3n Europea a los Estados Unidos, nos adherimos a los principios del Marco de Trabajo <span style=\"font-weight: 400;\">Safe Harbor<\/span> y <span style=\"font-weight: 400;\">U.S.-Swiss Safe Harbor<\/span>, establecidos por el Departamento de Comercio de EE.UU. (http:\/\/export.gov\/safeharbor\/). Para preguntas o quejas relacionadas con la recopilaci\u00f3n, retenci\u00f3n o uso de datos bajo cualquiera de los Marcos de Trabajo Safe Harbor, puedes contactarnos. Podemos remitir quejas de privacidad no resueltas bajo cualquiera de los marcos de trabajo Safe Harbors a la Asociaci\u00f3n Americana de Arbitraje como un mecanismo de resoluci\u00f3n independiente.<\/p>\n<p>&nbsp;<\/p>\n<p><span style=\"font-weight: 400;\">CAMBIOS EN ESTA POL\u00cdTICA<\/span><\/p>\n<p>Podemos cambiar de vez en cuando nuestras pr\u00e1cticas con respecto a la informaci\u00f3n recopilada y utilizada para nuestros servicios. Los cambios se reflejar\u00e1n en esta Declaraci\u00f3n de Privacidad. Sin embargo, si realizamos cambios materiales, esos cambios no se aplicar\u00e1n, sin autorizaci\u00f3n, a la informaci\u00f3n recopilada antes de los cambios.<\/p>\n<p>\u00bfPREGUNTAS?<\/p>\n<p>Si tienes preguntas o solicitudes con respecto a nuestra recopilaci\u00f3n y uso de informaci\u00f3n, puedes <a href=\"https:\/\/www.monetizemore.com\/contacts-us\/\">contactarnos<\/a>.<\/p>\n","protected":false},"excerpt":{"rendered":"<p>This post was most recently updated on noviembre 9th, 2025Pol\u00edtica de Privacidad de MonetizeMore Nuestros servicios, como se describen a continuaci\u00f3n, se refieren a la tecnolog\u00eda de publicidad y de editores de PubGuru y la tecnolog\u00eda de MonetizeMore por eSell Solutions que opera como MonetizeMore. Esta informaci\u00f3n y la Declaraci\u00f3n de Privacidad que se encuentra [&hellip;]<\/p>\n","protected":false},"author":27,"featured_media":0,"parent":0,"menu_order":0,"comment_status":"closed","ping_status":"closed","template":"","meta":{"_acf_changed":false,"inline_featured_image":false,"footnotes":""},"class_list":["post-44438","page","type-page","status-publish","hentry"],"acf":[],"_links":{"self":[{"href":"https:\/\/www.monetizemore.com\/es\/wp-json\/wp\/v2\/pages\/44438","targetHints":{"allow":["GET"]}}],"collection":[{"href":"https:\/\/www.monetizemore.com\/es\/wp-json\/wp\/v2\/pages"}],"about":[{"href":"https:\/\/www.monetizemore.com\/es\/wp-json\/wp\/v2\/types\/page"}],"author":[{"embeddable":true,"href":"https:\/\/www.monetizemore.com\/es\/wp-json\/wp\/v2\/users\/27"}],"replies":[{"embeddable":true,"href":"https:\/\/www.monetizemore.com\/es\/wp-json\/wp\/v2\/comments?post=44438"}],"version-history":[{"count":0,"href":"https:\/\/www.monetizemore.com\/es\/wp-json\/wp\/v2\/pages\/44438\/revisions"}],"wp:attachment":[{"href":"https:\/\/www.monetizemore.com\/es\/wp-json\/wp\/v2\/media?parent=44438"}],"curies":[{"name":"wp","href":"https:\/\/api.w.org\/{rel}","templated":true}]}}